{"id":16,"date":"2020-01-28T06:35:50","date_gmt":"2020-01-28T06:35:50","guid":{"rendered":"https:\/\/boatracksus.com\/?page_id=16"},"modified":"2020-05-05T16:58:07","modified_gmt":"2020-05-05T16:58:07","slug":"benefits","status":"publish","type":"page","link":"https:\/\/boatracksus.com\/de\/benefits\/","title":{"rendered":"Vorteile vom Hochregalsystem f\u00fcr Boote im Trockenlager"},"content":{"rendered":"\n<p>Die Lagerung von Booten an Land wird bei den Besitzern von Anlegestellen und H\u00e4fen aufgrund ihrer vielen Vorteile immer beliebter:<\/p>\n\n\n\n<ul><li>Sowohl Boote als auch deren Motoren sind w\u00e4hrend der Lagerung keinen Sch\u00e4den durch das Salzwasser ausgesetzt.<\/li><li>Schneller Zugriff auf Boote f\u00fcr Instandsetzung, Reinigung, K\u00e4rchern, Wartung.<\/li><li>Schnelle Aufstellung von Booten auf Trailer, Cradle, Auflagen.<\/li><li>Schnelle Anlieferung\/Abholung zum\/vom Wasser.<\/li><li>Zuverl\u00e4ssige und sichere Lagerung, da Boote nicht im Wassser liegen bleiben.<\/li><li>Boote k\u00f6nnen besser auf dem Wasser gleiten, da sie frei von Seepocken sind und dadurch Kraftstoff sparen.<\/li><li>Reduziert den Verbrauch der Opferanoden.<\/li><\/ul>\n","protected":false},"excerpt":{"rendered":"<p>Die Lagerung von Booten an Land wird bei den Besitzern von Anlegestellen und H\u00e4fen aufgrund ihrer vielen Vorteile immer beliebter: Sowohl Boote als auch deren Motoren sind w\u00e4hrend der Lagerung keinen Sch\u00e4den durch das Salzwasser ausgesetzt. Schneller Zugriff auf Boote f\u00fcr Instandsetzung, Reinigung, K\u00e4rchern, Wartung. Schnelle Aufstellung von Booten auf Trailer, Cradle, Auflagen. Schnelle Anlieferung\/Abholung [&hellip;]<\/p>\n","protected":false},"author":1,"featured_media":0,"parent":0,"menu_order":0,"comment_status":"closed","ping_status":"closed","template":"","meta":{"_glsr_average":0,"_glsr_ranking":0,"_glsr_reviews":0,"footnotes":""},"translation":{"provider":"WPGlobus","version":"2.12.2","language":"de","enabled_languages":["en","es","de","ru","pl","fr"],"languages":{"en":{"title":true,"content":true,"excerpt":false},"es":{"title":true,"content":true,"excerpt":false},"de":{"title":true,"content":true,"excerpt":false},"ru":{"title":true,"content":true,"excerpt":false},"pl":{"title":true,"content":true,"excerpt":false},"fr":{"title":true,"content":true,"excerpt":false}}},"_links":{"self":[{"href":"https:\/\/boatracksus.com\/de\/wp-json\/wp\/v2\/pages\/16"}],"collection":[{"href":"https:\/\/boatracksus.com\/de\/wp-json\/wp\/v2\/pages"}],"about":[{"href":"https:\/\/boatracksus.com\/de\/wp-json\/wp\/v2\/types\/page"}],"author":[{"embeddable":true,"href":"https:\/\/boatracksus.com\/de\/wp-json\/wp\/v2\/users\/1"}],"replies":[{"embeddable":true,"href":"https:\/\/boatracksus.com\/de\/wp-json\/wp\/v2\/comments?post=16"}],"version-history":[{"count":14,"href":"https:\/\/boatracksus.com\/de\/wp-json\/wp\/v2\/pages\/16\/revisions"}],"predecessor-version":[{"id":284,"href":"https:\/\/boatracksus.com\/de\/wp-json\/wp\/v2\/pages\/16\/revisions\/284"}],"wp:attachment":[{"href":"https:\/\/boatracksus.com\/de\/wp-json\/wp\/v2\/media?parent=16"}],"curies":[{"name":"wp","href":"https:\/\/api.w.org\/{rel}","templated":true}]}}