{"id":2,"date":"2020-01-22T16:30:06","date_gmt":"2020-01-22T16:30:06","guid":{"rendered":"https:\/\/boatracksus.com\/?page_id=2"},"modified":"2020-05-08T19:05:41","modified_gmt":"2020-05-08T19:05:41","slug":"marine-boat-racks-storage-systems","status":"publish","type":"page","link":"https:\/\/boatracksus.com\/de\/marine-boat-racks-storage-systems\/","title":{"rendered":"Das Bootslagerregalsystem f\u00fcr H\u00e4fen und Anlegestellen"},"content":{"rendered":"\n<p><strong>Eine Investition ins US-amerikanische Regallagersystem f\u00fcr Boote bringt viele Vorteile mit sich, wie Bedienbarkeit des Systems und hohe Kapitalrendite.<\/strong> Die ausschlaggebenden Gr\u00fcnde f\u00fcr diese Investition sind hohe Ertragskraft, Aufbewahrungssicherheit, optimale Nutzung von wertvollem Lagerplatz und die M\u00f6glichkeit eines leichten Zugriffs auf Boote f\u00fcr Wartungsarbeiten. Die Bootshochregale sind aus hochwertigem, hochfestem, feuerverzinktem Qualit\u00e4tstahl hergestellt. Die Stahlkonstruktionen k\u00f6nnen dabei bis zu 5 Ebenen aufgestockt werden, halten Hurrikanwinde von bis zu 160-180 Meilen pro Stunde stand und bieten somit maximale Stabilit\u00e4t.<\/p>\n\n\n\n<p>Durch die Investition ins <strong>US-amerikanische Regallagersystem f\u00fcr Boote werden<\/strong> Sie der wachsenden Nachfrage nach Trockenlagern Gen\u00fcge leisten. Das System ist einfach aufzubauen und bietet Ihnen einen einfachen Zugang zu den Booten Ihrer Kunden an. Dank unserer Bootslagerregalen erzielen Sie bereits im ersten <strong>Nutzungsjahr einen starken ROI<\/strong>. So holen Sie das Beste aus Ihrem Geld heraus!<\/p>\n","protected":false},"excerpt":{"rendered":"<p>Eine Investition ins US-amerikanische Regallagersystem f\u00fcr Boote bringt viele Vorteile mit sich, wie Bedienbarkeit des Systems und hohe Kapitalrendite. Die ausschlaggebenden Gr\u00fcnde f\u00fcr diese Investition sind hohe Ertragskraft, Aufbewahrungssicherheit, optimale Nutzung von wertvollem Lagerplatz und die M\u00f6glichkeit eines leichten Zugriffs auf Boote f\u00fcr Wartungsarbeiten. Die Bootshochregale sind aus hochwertigem, hochfestem, feuerverzinktem Qualit\u00e4tstahl hergestellt. Die Stahlkonstruktionen [&hellip;]<\/p>\n","protected":false},"author":1,"featured_media":86,"parent":0,"menu_order":0,"comment_status":"closed","ping_status":"closed","template":"","meta":{"_glsr_average":0,"_glsr_ranking":0,"_glsr_reviews":0,"footnotes":""},"translation":{"provider":"WPGlobus","version":"2.12.2","language":"de","enabled_languages":["en","es","de","ru","pl","fr"],"languages":{"en":{"title":true,"content":true,"excerpt":false},"es":{"title":true,"content":true,"excerpt":false},"de":{"title":true,"content":true,"excerpt":false},"ru":{"title":true,"content":true,"excerpt":false},"pl":{"title":true,"content":true,"excerpt":false},"fr":{"title":true,"content":true,"excerpt":false}}},"_links":{"self":[{"href":"https:\/\/boatracksus.com\/de\/wp-json\/wp\/v2\/pages\/2"}],"collection":[{"href":"https:\/\/boatracksus.com\/de\/wp-json\/wp\/v2\/pages"}],"about":[{"href":"https:\/\/boatracksus.com\/de\/wp-json\/wp\/v2\/types\/page"}],"author":[{"embeddable":true,"href":"https:\/\/boatracksus.com\/de\/wp-json\/wp\/v2\/users\/1"}],"replies":[{"embeddable":true,"href":"https:\/\/boatracksus.com\/de\/wp-json\/wp\/v2\/comments?post=2"}],"version-history":[{"count":28,"href":"https:\/\/boatracksus.com\/de\/wp-json\/wp\/v2\/pages\/2\/revisions"}],"predecessor-version":[{"id":292,"href":"https:\/\/boatracksus.com\/de\/wp-json\/wp\/v2\/pages\/2\/revisions\/292"}],"wp:featuredmedia":[{"embeddable":true,"href":"https:\/\/boatracksus.com\/de\/wp-json\/wp\/v2\/media\/86"}],"wp:attachment":[{"href":"https:\/\/boatracksus.com\/de\/wp-json\/wp\/v2\/media?parent=2"}],"curies":[{"name":"wp","href":"https:\/\/api.w.org\/{rel}","templated":true}]}}