{"id":24,"date":"2020-01-28T06:38:35","date_gmt":"2020-01-28T06:38:35","guid":{"rendered":"https:\/\/boatracksus.com\/?page_id=24"},"modified":"2021-10-14T17:25:25","modified_gmt":"2021-10-14T17:25:25","slug":"boat-lifts","status":"publish","type":"page","link":"https:\/\/boatracksus.com\/de\/products\/boat-lifts\/","title":{"rendered":"Bootslifte"},"content":{"rendered":"\n<p>Bei Boat Lift U.S. Inc.\u00ae werden unsere <strong>Bootslifte (Bootsaufz\u00fcge, Bootshebeanlagen)<\/strong> aus Edelstahl und 6061-T6 Aluminiummarke zwecks kompromissloser Festigkeit und Haltbarkeit hergestellt. Boat Lift U.S. Inc.\u00ae ist auch das Herkunftsunternehmen der schwei\u00dfnahtfreien Bootslifte, denen die Schwachstellen beseitigt worden sind und dank derer die Zuverl\u00e4ssigkeit der von uns gebauten Bootslifte beachtlich erh\u00f6ht wurde.<\/p>\n\n\n\n<p>Die Analgen von Boat Lift U.S. sind schon seit langem Industriestandards und sind mit einem f\u00fcr <strong>4, 6 und 8 Pf\u00e4hle<\/strong> ausgerichteten <strong>Gearbox\u2122<\/strong> mit dem Standarddirektantrieb erh\u00e4ltlich! Die Qualit\u00e4t unserer Bootslifte ist allumfassend: schwei\u00dfnahtfreie Aluminiumkonstruktionen, geschlossene rostbest\u00e4ndige Motoren, alle Antriebswellenlager aus Aluminium und mit Schmiernippeln, hochwertige Aluminiumquerbalken und maschinengerillte Kabelleger, die die Antriebswelle sch\u00fctzen und die Kabel sauber und ohne \u00dcberlappung einwickeln.<\/p>\n\n\n\n<figure class=\"wp-block-gallery columns-2 is-cropped wp-block-gallery-1 is-layout-flex wp-block-gallery-is-layout-flex\"><ul class=\"blocks-gallery-grid\"><li class=\"blocks-gallery-item\"><figure><img decoding=\"async\" width=\"675\" height=\"450\" src=\"https:\/\/boatracksus.com\/wp-content\/uploads\/2020\/02\/boat-lifts-us-1.jpg\" alt=\"\" data-id=\"115\" data-full-url=\"https:\/\/boatracksus.com\/wp-content\/uploads\/2020\/02\/boat-lifts-us-1.jpg\" data-link=\"https:\/\/boatracksus.com\/boat-lifts\/boat-lifts-us-1\/\" class=\"wp-image-115\" srcset=\"https:\/\/boatracksus.com\/wp-content\/uploads\/2020\/02\/boat-lifts-us-1.jpg 675w, https:\/\/boatracksus.com\/wp-content\/uploads\/2020\/02\/boat-lifts-us-1-600x400.jpg 600w\" sizes=\"(max-width: 675px) 100vw, 675px\" \/><\/figure><\/li><li class=\"blocks-gallery-item\"><figure><img decoding=\"async\" width=\"675\" height=\"450\" src=\"https:\/\/boatracksus.com\/wp-content\/uploads\/2020\/02\/boat-lifts-us-2.jpg\" alt=\"\" data-id=\"116\" data-full-url=\"https:\/\/boatracksus.com\/wp-content\/uploads\/2020\/02\/boat-lifts-us-2.jpg\" data-link=\"https:\/\/boatracksus.com\/boat-lifts\/boat-lifts-us-2\/\" class=\"wp-image-116\" srcset=\"https:\/\/boatracksus.com\/wp-content\/uploads\/2020\/02\/boat-lifts-us-2.jpg 675w, https:\/\/boatracksus.com\/wp-content\/uploads\/2020\/02\/boat-lifts-us-2-600x400.jpg 600w\" sizes=\"(max-width: 675px) 100vw, 675px\" \/><\/figure><\/li><\/ul><\/figure>\n\n\n\n<h4 class=\"wp-block-heading\">Direktangetriebenes Getriebe (Gearbox\u00ae) der Bootslifte<\/h4>\n\n\n\n<ul><li>Schwei\u00dfnahtfreier Lift aus hochwertigen Aluminium<\/li><li>Rostfreie Elektromotoren (Gear\u00aeMotors)<\/li><li>Aluminiumgetriebe mit Direktantrieb (Gearbox\u00ae)<\/li><li>Hochwertige Aluminiumquerbalken<\/li><\/ul>\n\n\n\n<figure class=\"wp-block-gallery columns-2 is-cropped wp-block-gallery-2 is-layout-flex wp-block-gallery-is-layout-flex\"><ul class=\"blocks-gallery-grid\"><li class=\"blocks-gallery-item\"><figure><img decoding=\"async\" width=\"675\" height=\"450\" src=\"https:\/\/boatracksus.com\/wp-content\/uploads\/2020\/02\/boat-lifts-us-4.jpg\" alt=\"\" data-id=\"118\" data-full-url=\"https:\/\/boatracksus.com\/wp-content\/uploads\/2020\/02\/boat-lifts-us-4.jpg\" data-link=\"https:\/\/boatracksus.com\/boat-lifts\/boat-lifts-us-4\/\" class=\"wp-image-118\" srcset=\"https:\/\/boatracksus.com\/wp-content\/uploads\/2020\/02\/boat-lifts-us-4.jpg 675w, https:\/\/boatracksus.com\/wp-content\/uploads\/2020\/02\/boat-lifts-us-4-600x400.jpg 600w\" sizes=\"(max-width: 675px) 100vw, 675px\" \/><\/figure><\/li><li class=\"blocks-gallery-item\"><figure><img decoding=\"async\" width=\"675\" height=\"450\" src=\"https:\/\/boatracksus.com\/wp-content\/uploads\/2020\/02\/boat-lifts-us-3.jpg\" alt=\"\" data-id=\"117\" data-full-url=\"https:\/\/boatracksus.com\/wp-content\/uploads\/2020\/02\/boat-lifts-us-3.jpg\" data-link=\"https:\/\/boatracksus.com\/boat-lifts\/boat-lifts-us-3\/\" class=\"wp-image-117\" srcset=\"https:\/\/boatracksus.com\/wp-content\/uploads\/2020\/02\/boat-lifts-us-3.jpg 675w, https:\/\/boatracksus.com\/wp-content\/uploads\/2020\/02\/boat-lifts-us-3-600x400.jpg 600w\" sizes=\"(max-width: 675px) 100vw, 675px\" \/><\/figure><\/li><\/ul><\/figure>\n\n\n\n<p>Wir k\u00f6nnen sogar eine <strong>US-Bootslift<\/strong> in Ihrem Bootshaus einbauen. Unsere Bootshauslifte beinhalten viele hochwertige Eigenschaften unserer Pfahl basierten Lifte und gew\u00e4hrleisten damit eine kompromisslose Qualit\u00e4t unserer gesamten Produktpalette.<\/p>\n\n\n\n<p>Rufen sie uns an, und finden sie heraus, was Boat Lift U.S. Inc.\u00ae &#8220;Amerikas beste Bootlifte!&#8221; bietet.<\/p>\n\n\n\n<h5 class=\"wp-block-heading\">B\u00fcro: 16033 Redington Drive, Redington Beach, Florida, USA 33708<\/h5>\n\n\n\n<h5 class=\"wp-block-heading\">Telefon: <a href=\"tel:+1 727 254 22 99\">+1 727 254 22 99<\/a><\/h5>\n\n\n\n<p><a class=\"btn btn-primary mt-4\" href=\"https:\/\/boatracksus.com\/de\/request-quote\/\">Holen sie sich ihr Angebot<\/a><\/p>\n","protected":false},"excerpt":{"rendered":"<p>Bei Boat Lift U.S. Inc.\u00ae werden unsere Bootslifte (Bootsaufz\u00fcge, Bootshebeanlagen) aus Edelstahl und 6061-T6 Aluminiummarke zwecks kompromissloser Festigkeit und Haltbarkeit hergestellt. Boat Lift U.S. Inc.\u00ae ist auch das Herkunftsunternehmen der schwei\u00dfnahtfreien Bootslifte, denen die Schwachstellen beseitigt worden sind und dank derer die Zuverl\u00e4ssigkeit der von uns gebauten Bootslifte beachtlich erh\u00f6ht wurde. Die Analgen von Boat [&hellip;]<\/p>\n","protected":false},"author":1,"featured_media":0,"parent":372,"menu_order":2,"comment_status":"closed","ping_status":"closed","template":"","meta":{"_glsr_average":0,"_glsr_ranking":0,"_glsr_reviews":0,"footnotes":""},"translation":{"provider":"WPGlobus","version":"2.12.2","language":"de","enabled_languages":["en","es","de","ru","pl","fr"],"languages":{"en":{"title":true,"content":true,"excerpt":false},"es":{"title":true,"content":true,"excerpt":false},"de":{"title":true,"content":true,"excerpt":false},"ru":{"title":true,"content":true,"excerpt":false},"pl":{"title":true,"content":true,"excerpt":false},"fr":{"title":true,"content":true,"excerpt":false}}},"_links":{"self":[{"href":"https:\/\/boatracksus.com\/de\/wp-json\/wp\/v2\/pages\/24"}],"collection":[{"href":"https:\/\/boatracksus.com\/de\/wp-json\/wp\/v2\/pages"}],"about":[{"href":"https:\/\/boatracksus.com\/de\/wp-json\/wp\/v2\/types\/page"}],"author":[{"embeddable":true,"href":"https:\/\/boatracksus.com\/de\/wp-json\/wp\/v2\/users\/1"}],"replies":[{"embeddable":true,"href":"https:\/\/boatracksus.com\/de\/wp-json\/wp\/v2\/comments?post=24"}],"version-history":[{"count":48,"href":"https:\/\/boatracksus.com\/de\/wp-json\/wp\/v2\/pages\/24\/revisions"}],"predecessor-version":[{"id":291,"href":"https:\/\/boatracksus.com\/de\/wp-json\/wp\/v2\/pages\/24\/revisions\/291"}],"up":[{"embeddable":true,"href":"https:\/\/boatracksus.com\/de\/wp-json\/wp\/v2\/pages\/372"}],"wp:attachment":[{"href":"https:\/\/boatracksus.com\/de\/wp-json\/wp\/v2\/media?parent=24"}],"curies":[{"name":"wp","href":"https:\/\/api.w.org\/{rel}","templated":true}]}}