{"id":32,"date":"2020-01-28T06:39:56","date_gmt":"2020-01-28T06:39:56","guid":{"rendered":"https:\/\/boatracksus.com\/?page_id=32"},"modified":"2020-05-05T08:30:18","modified_gmt":"2020-05-05T08:30:18","slug":"contact","status":"publish","type":"page","link":"https:\/\/boatracksus.com\/de\/contact\/","title":{"rendered":"Kontakt"},"content":{"rendered":"\n<p>Bitte, nehmen Sie mit uns Kontakt auf, wenn Sie Fragen zu unseren Dienstleistungen haben. Wir werden uns baldm\u00f6glichst bei Ihnen zur\u00fcckmelden (\u00fcblicherweise innerhalb von 24 Stunden).<\/p>\n\n\n\n<h5 class=\"wp-block-heading\">B\u00fcro: 16033 Redington Drive, Redington Beach, Florida, USA 33708 <\/h5>\n\n\n\n<h5 class=\"wp-block-heading\">Telefon: <a href=\"tel:+1 727 254 22 99\">+1 727 254 22 99<\/a><\/h5>\n\n\n\n<h5 class=\"wp-block-heading\">E-mail: <a href=\"mailto:bootracksus@gmail.com\">bootracksus@gmail.com<\/a><\/h5>\n","protected":false},"excerpt":{"rendered":"<p>Bitte, nehmen Sie mit uns Kontakt auf, wenn Sie Fragen zu unseren Dienstleistungen haben. Wir werden uns baldm\u00f6glichst bei Ihnen zur\u00fcckmelden (\u00fcblicherweise innerhalb von 24 Stunden). B\u00fcro: 16033 Redington Drive, Redington Beach, Florida, USA 33708 Telefon: +1 727 254 22 99 E-mail: bootracksus@gmail.com<\/p>\n","protected":false},"author":1,"featured_media":0,"parent":0,"menu_order":0,"comment_status":"closed","ping_status":"closed","template":"dist\/contact.php","meta":{"_glsr_average":0,"_glsr_ranking":0,"_glsr_reviews":0,"footnotes":""},"translation":{"provider":"WPGlobus","version":"2.12.2","language":"de","enabled_languages":["en","es","de","ru","pl","fr"],"languages":{"en":{"title":true,"content":true,"excerpt":false},"es":{"title":true,"content":true,"excerpt":false},"de":{"title":true,"content":true,"excerpt":false},"ru":{"title":true,"content":true,"excerpt":false},"pl":{"title":true,"content":true,"excerpt":false},"fr":{"title":true,"content":true,"excerpt":false}}},"_links":{"self":[{"href":"https:\/\/boatracksus.com\/de\/wp-json\/wp\/v2\/pages\/32"}],"collection":[{"href":"https:\/\/boatracksus.com\/de\/wp-json\/wp\/v2\/pages"}],"about":[{"href":"https:\/\/boatracksus.com\/de\/wp-json\/wp\/v2\/types\/page"}],"author":[{"embeddable":true,"href":"https:\/\/boatracksus.com\/de\/wp-json\/wp\/v2\/users\/1"}],"replies":[{"embeddable":true,"href":"https:\/\/boatracksus.com\/de\/wp-json\/wp\/v2\/comments?post=32"}],"version-history":[{"count":16,"href":"https:\/\/boatracksus.com\/de\/wp-json\/wp\/v2\/pages\/32\/revisions"}],"predecessor-version":[{"id":278,"href":"https:\/\/boatracksus.com\/de\/wp-json\/wp\/v2\/pages\/32\/revisions\/278"}],"wp:attachment":[{"href":"https:\/\/boatracksus.com\/de\/wp-json\/wp\/v2\/media?parent=32"}],"curies":[{"name":"wp","href":"https:\/\/api.w.org\/{rel}","templated":true}]}}