{"id":16,"date":"2020-01-28T06:35:50","date_gmt":"2020-01-28T06:35:50","guid":{"rendered":"https:\/\/boatracksus.com\/?page_id=16"},"modified":"2020-05-05T16:58:07","modified_gmt":"2020-05-05T16:58:07","slug":"benefits","status":"publish","type":"page","link":"https:\/\/boatracksus.com\/es\/benefits\/","title":{"rendered":"Ventajas de los sistemas de almacenamiento de embarcaciones en seco"},"content":{"rendered":"\n<p>Mantener los botes fuera del agua se ha vuelto cada vez m\u00e1s popular entre los propietarios de puertos deportivos debido a sus muchas ventajas tales como:<\/p>\n\n\n\n<ul><li>La embarcaci\u00f3n y el motor no se da\u00f1an por el agua salada durante el almacenamiento.<\/li><li>Acceso r\u00e1pido a las embarcaciones para mantenimiento.<\/li><li>Almacenamiento confiable y seguro, ya que los botes se almacenan fuera del agua.<\/li><li>Las embarcaciones est\u00e1n en mejores condiciones para deslizarse sobre el agua, ya que estar\u00e1n libres de percebes con el consiguiente ahorro de combustible.<\/li><li>Reduce el desgaste del \u00e1nodo.<\/li><\/ul>\n","protected":false},"excerpt":{"rendered":"<p>Mantener los botes fuera del agua se ha vuelto cada vez m\u00e1s popular entre los propietarios de puertos deportivos debido a sus muchas ventajas tales como: La embarcaci\u00f3n y el motor no se da\u00f1an por el agua salada durante el almacenamiento. Acceso r\u00e1pido a las embarcaciones para mantenimiento. Almacenamiento confiable y seguro, ya que los [&hellip;]<\/p>\n","protected":false},"author":1,"featured_media":0,"parent":0,"menu_order":0,"comment_status":"closed","ping_status":"closed","template":"","meta":{"_glsr_average":0,"_glsr_ranking":0,"_glsr_reviews":0,"footnotes":""},"translation":{"provider":"WPGlobus","version":"2.12.2","language":"es","enabled_languages":["en","es","de","ru","pl","fr"],"languages":{"en":{"title":true,"content":true,"excerpt":false},"es":{"title":true,"content":true,"excerpt":false},"de":{"title":true,"content":true,"excerpt":false},"ru":{"title":true,"content":true,"excerpt":false},"pl":{"title":true,"content":true,"excerpt":false},"fr":{"title":true,"content":true,"excerpt":false}}},"_links":{"self":[{"href":"https:\/\/boatracksus.com\/es\/wp-json\/wp\/v2\/pages\/16"}],"collection":[{"href":"https:\/\/boatracksus.com\/es\/wp-json\/wp\/v2\/pages"}],"about":[{"href":"https:\/\/boatracksus.com\/es\/wp-json\/wp\/v2\/types\/page"}],"author":[{"embeddable":true,"href":"https:\/\/boatracksus.com\/es\/wp-json\/wp\/v2\/users\/1"}],"replies":[{"embeddable":true,"href":"https:\/\/boatracksus.com\/es\/wp-json\/wp\/v2\/comments?post=16"}],"version-history":[{"count":14,"href":"https:\/\/boatracksus.com\/es\/wp-json\/wp\/v2\/pages\/16\/revisions"}],"predecessor-version":[{"id":284,"href":"https:\/\/boatracksus.com\/es\/wp-json\/wp\/v2\/pages\/16\/revisions\/284"}],"wp:attachment":[{"href":"https:\/\/boatracksus.com\/es\/wp-json\/wp\/v2\/media?parent=16"}],"curies":[{"name":"wp","href":"https:\/\/api.w.org\/{rel}","templated":true}]}}