{"id":2,"date":"2020-01-22T16:30:06","date_gmt":"2020-01-22T16:30:06","guid":{"rendered":"https:\/\/boatracksus.com\/?page_id=2"},"modified":"2020-05-08T19:05:41","modified_gmt":"2020-05-08T19:05:41","slug":"marine-boat-racks-storage-systems","status":"publish","type":"page","link":"https:\/\/boatracksus.com\/es\/marine-boat-racks-storage-systems\/","title":{"rendered":"Sistema de almacenamiento de bastidores para embarcaciones marinas"},"content":{"rendered":"\n<p><strong>Invertir en sistemas de almacenamiento para bastidores para botes tiene un alto retorno de inversi\u00f3n, es f\u00e1cil de usar y aporta muchos otros beneficios.<\/strong> Las principales razones para invertir en sistemas de almacenamiento de embarcaciones son la rentabilidad, la seguridad, el uso de un espacio valioso, y la capacidad de acceder f\u00e1cilmente a las embarcaciones para su mantenimiento. Las rejillas para barcos est\u00e1n hechas de acero galvanizado por inmersi\u00f3n en caliente de alta calidad y alta resistencia. Las estructuras de acero alcanzan hasta 5 niveles, capaces de resistir vientos huracanados de hasta 160-180 millas por hora al tiempo que proporcionan la m\u00e1xima estabilidad.<\/p>\n\n\n\n<p>Invirtiendo con el sistema de almacenamiento Boat Racks U.S., satisfacer\u00e1 la creciente demanda de almacenamiento en seco. Es f\u00e1cil de instalar y le ofrece un f\u00e1cil acceso a los barcos de sus clientes. Nuestros bastidores de almacenamiento para barcos le brindan la oportunidad de tener un retorno de su inversi\u00f3n m\u00e1s fuerte en el primer a\u00f1o de uso. \u00a1Aproveche al m\u00e1ximo su inversi\u00f3n!<\/p>\n","protected":false},"excerpt":{"rendered":"<p>Invertir en sistemas de almacenamiento para bastidores para botes tiene un alto retorno de inversi\u00f3n, es f\u00e1cil de usar y aporta muchos otros beneficios. Las principales razones para invertir en sistemas de almacenamiento de embarcaciones son la rentabilidad, la seguridad, el uso de un espacio valioso, y la capacidad de acceder f\u00e1cilmente a las embarcaciones [&hellip;]<\/p>\n","protected":false},"author":1,"featured_media":86,"parent":0,"menu_order":0,"comment_status":"closed","ping_status":"closed","template":"","meta":{"_glsr_average":0,"_glsr_ranking":0,"_glsr_reviews":0,"footnotes":""},"translation":{"provider":"WPGlobus","version":"2.12.2","language":"es","enabled_languages":["en","es","de","ru","pl","fr"],"languages":{"en":{"title":true,"content":true,"excerpt":false},"es":{"title":true,"content":true,"excerpt":false},"de":{"title":true,"content":true,"excerpt":false},"ru":{"title":true,"content":true,"excerpt":false},"pl":{"title":true,"content":true,"excerpt":false},"fr":{"title":true,"content":true,"excerpt":false}}},"_links":{"self":[{"href":"https:\/\/boatracksus.com\/es\/wp-json\/wp\/v2\/pages\/2"}],"collection":[{"href":"https:\/\/boatracksus.com\/es\/wp-json\/wp\/v2\/pages"}],"about":[{"href":"https:\/\/boatracksus.com\/es\/wp-json\/wp\/v2\/types\/page"}],"author":[{"embeddable":true,"href":"https:\/\/boatracksus.com\/es\/wp-json\/wp\/v2\/users\/1"}],"replies":[{"embeddable":true,"href":"https:\/\/boatracksus.com\/es\/wp-json\/wp\/v2\/comments?post=2"}],"version-history":[{"count":28,"href":"https:\/\/boatracksus.com\/es\/wp-json\/wp\/v2\/pages\/2\/revisions"}],"predecessor-version":[{"id":292,"href":"https:\/\/boatracksus.com\/es\/wp-json\/wp\/v2\/pages\/2\/revisions\/292"}],"wp:featuredmedia":[{"embeddable":true,"href":"https:\/\/boatracksus.com\/es\/wp-json\/wp\/v2\/media\/86"}],"wp:attachment":[{"href":"https:\/\/boatracksus.com\/es\/wp-json\/wp\/v2\/media?parent=2"}],"curies":[{"name":"wp","href":"https:\/\/api.w.org\/{rel}","templated":true}]}}