{"id":24,"date":"2020-01-28T06:38:35","date_gmt":"2020-01-28T06:38:35","guid":{"rendered":"https:\/\/boatracksus.com\/?page_id=24"},"modified":"2021-10-14T17:25:25","modified_gmt":"2021-10-14T17:25:25","slug":"boat-lifts","status":"publish","type":"page","link":"https:\/\/boatracksus.com\/es\/products\/boat-lifts\/","title":{"rendered":"Elevadores para barcos"},"content":{"rendered":"\n<p>En Boat Lift U.S. Inc. \u00ae nuestros elevadores est\u00e1n hechos de acero inoxidable y aluminio 6061-T6 para una resistencia y durabilidad inigualables. Boat Lift U.S. tambi\u00e9n es la cuna del elevador de botes sin soldadura, eliminando puntos d\u00e9biles, a la vez que agrega confiabilidad en los elevadores de botes que construimos.<\/p>\n\n\n\n<p>Los Elevadores para botes de Yacht-box han sido est\u00e1ndares de la industria desde hace mucho tiempo, y se encuentran disponibles en dise\u00f1os de 4, 6 y 8 pilotes con el est\u00e1ndar de transmisi\u00f3n directa Gearbox\u2122 La calidad de nuestros elevadores de barcos se muestra en todas partes, con una construcci\u00f3n de aluminio sin soldadura, motores de acero inoxidable cerrados, todos los rodamientos de aluminio del eje de transmisi\u00f3n con accesorios de engrase, literas de aluminio premium y enrolladores de cable ranurados a m\u00e1quina que protegen el eje de transmisi\u00f3n y enrollan los cables limpiamente, sin superposici\u00f3n.<\/p>\n\n\n\n<figure class=\"wp-block-gallery columns-2 is-cropped wp-block-gallery-1 is-layout-flex wp-block-gallery-is-layout-flex\"><ul class=\"blocks-gallery-grid\"><li class=\"blocks-gallery-item\"><figure><img decoding=\"async\" width=\"675\" height=\"450\" src=\"https:\/\/boatracksus.com\/wp-content\/uploads\/2020\/02\/boat-lifts-us-1.jpg\" alt=\"\" data-id=\"115\" data-full-url=\"https:\/\/boatracksus.com\/wp-content\/uploads\/2020\/02\/boat-lifts-us-1.jpg\" data-link=\"https:\/\/boatracksus.com\/boat-lifts\/boat-lifts-us-1\/\" class=\"wp-image-115\" srcset=\"https:\/\/boatracksus.com\/wp-content\/uploads\/2020\/02\/boat-lifts-us-1.jpg 675w, https:\/\/boatracksus.com\/wp-content\/uploads\/2020\/02\/boat-lifts-us-1-600x400.jpg 600w\" sizes=\"(max-width: 675px) 100vw, 675px\" \/><\/figure><\/li><li class=\"blocks-gallery-item\"><figure><img decoding=\"async\" width=\"675\" height=\"450\" src=\"https:\/\/boatracksus.com\/wp-content\/uploads\/2020\/02\/boat-lifts-us-2.jpg\" alt=\"\" data-id=\"116\" data-full-url=\"https:\/\/boatracksus.com\/wp-content\/uploads\/2020\/02\/boat-lifts-us-2.jpg\" data-link=\"https:\/\/boatracksus.com\/boat-lifts\/boat-lifts-us-2\/\" class=\"wp-image-116\" srcset=\"https:\/\/boatracksus.com\/wp-content\/uploads\/2020\/02\/boat-lifts-us-2.jpg 675w, https:\/\/boatracksus.com\/wp-content\/uploads\/2020\/02\/boat-lifts-us-2-600x400.jpg 600w\" sizes=\"(max-width: 675px) 100vw, 675px\" \/><\/figure><\/li><\/ul><\/figure>\n\n\n\n<h4 class=\"wp-block-heading\">Gearbox\u00ae Elevadores de botes de transmisi\u00f3n directa<\/h4>\n\n\n\n<ul><li>Elevador de aluminio Premiun sin soldadura<\/li><li>Motores Electra-Gear\u00ae inoxidables<\/li><li>Aluminio Gearbox\u00ae de accionamiento directo<\/li><li>Literas de aluminio premium<\/li><\/ul>\n\n\n\n<figure class=\"wp-block-gallery columns-2 is-cropped wp-block-gallery-2 is-layout-flex wp-block-gallery-is-layout-flex\"><ul class=\"blocks-gallery-grid\"><li class=\"blocks-gallery-item\"><figure><img decoding=\"async\" width=\"675\" height=\"450\" src=\"https:\/\/boatracksus.com\/wp-content\/uploads\/2020\/02\/boat-lifts-us-4.jpg\" alt=\"\" data-id=\"118\" data-full-url=\"https:\/\/boatracksus.com\/wp-content\/uploads\/2020\/02\/boat-lifts-us-4.jpg\" data-link=\"https:\/\/boatracksus.com\/boat-lifts\/boat-lifts-us-4\/\" class=\"wp-image-118\" srcset=\"https:\/\/boatracksus.com\/wp-content\/uploads\/2020\/02\/boat-lifts-us-4.jpg 675w, https:\/\/boatracksus.com\/wp-content\/uploads\/2020\/02\/boat-lifts-us-4-600x400.jpg 600w\" sizes=\"(max-width: 675px) 100vw, 675px\" \/><\/figure><\/li><li class=\"blocks-gallery-item\"><figure><img decoding=\"async\" width=\"675\" height=\"450\" src=\"https:\/\/boatracksus.com\/wp-content\/uploads\/2020\/02\/boat-lifts-us-3.jpg\" alt=\"\" data-id=\"117\" data-full-url=\"https:\/\/boatracksus.com\/wp-content\/uploads\/2020\/02\/boat-lifts-us-3.jpg\" data-link=\"https:\/\/boatracksus.com\/boat-lifts\/boat-lifts-us-3\/\" class=\"wp-image-117\" srcset=\"https:\/\/boatracksus.com\/wp-content\/uploads\/2020\/02\/boat-lifts-us-3.jpg 675w, https:\/\/boatracksus.com\/wp-content\/uploads\/2020\/02\/boat-lifts-us-3-600x400.jpg 600w\" sizes=\"(max-width: 675px) 100vw, 675px\" \/><\/figure><\/li><\/ul><\/figure>\n\n\n\n<p>Podemos incluso poner un elevador en su angar. Nuestros ascensores para angar incluyen muchas de las caracter\u00edsticas premium que se encuentran en nuestros elevadores de montaje en pila, y garantizan una calidad sin compromisos para nuestra gama completa de productos.<\/p>\n\n\n\n<p>\u00a1Ll\u00e1menos hoy mismo y descubra por qu\u00e9 Yacht-box es &#8220;la elecci\u00f3n en elevadores de botes&#8221;!<\/p>\n\n\n\n<h5 class=\"wp-block-heading\">Oficina: 16033 Redington Drive, Redington Beach, Florida, EE. UU. 33708<\/h5>\n\n\n\n<h5 class=\"wp-block-heading\">Tel\u00e9fono: <a href=\"tel:+17272542299\">+1727254 22 99<\/a><\/h5>\n\n\n\n<p><a class=\"btn btn-primary mt-4\" href=\"https:\/\/boatracksus.com\/es\/request-quote\/\">\u00a1Obtenga un Presupuesto!<\/a><\/p>\n","protected":false},"excerpt":{"rendered":"<p>En Boat Lift U.S. Inc. \u00ae nuestros elevadores est\u00e1n hechos de acero inoxidable y aluminio 6061-T6 para una resistencia y durabilidad inigualables. Boat Lift U.S. tambi\u00e9n es la cuna del elevador de botes sin soldadura, eliminando puntos d\u00e9biles, a la vez que agrega confiabilidad en los elevadores de botes que construimos. Los Elevadores para botes [&hellip;]<\/p>\n","protected":false},"author":1,"featured_media":0,"parent":372,"menu_order":2,"comment_status":"closed","ping_status":"closed","template":"","meta":{"_glsr_average":0,"_glsr_ranking":0,"_glsr_reviews":0,"footnotes":""},"translation":{"provider":"WPGlobus","version":"2.12.2","language":"es","enabled_languages":["en","es","de","ru","pl","fr"],"languages":{"en":{"title":true,"content":true,"excerpt":false},"es":{"title":true,"content":true,"excerpt":false},"de":{"title":true,"content":true,"excerpt":false},"ru":{"title":true,"content":true,"excerpt":false},"pl":{"title":true,"content":true,"excerpt":false},"fr":{"title":true,"content":true,"excerpt":false}}},"_links":{"self":[{"href":"https:\/\/boatracksus.com\/es\/wp-json\/wp\/v2\/pages\/24"}],"collection":[{"href":"https:\/\/boatracksus.com\/es\/wp-json\/wp\/v2\/pages"}],"about":[{"href":"https:\/\/boatracksus.com\/es\/wp-json\/wp\/v2\/types\/page"}],"author":[{"embeddable":true,"href":"https:\/\/boatracksus.com\/es\/wp-json\/wp\/v2\/users\/1"}],"replies":[{"embeddable":true,"href":"https:\/\/boatracksus.com\/es\/wp-json\/wp\/v2\/comments?post=24"}],"version-history":[{"count":48,"href":"https:\/\/boatracksus.com\/es\/wp-json\/wp\/v2\/pages\/24\/revisions"}],"predecessor-version":[{"id":291,"href":"https:\/\/boatracksus.com\/es\/wp-json\/wp\/v2\/pages\/24\/revisions\/291"}],"up":[{"embeddable":true,"href":"https:\/\/boatracksus.com\/es\/wp-json\/wp\/v2\/pages\/372"}],"wp:attachment":[{"href":"https:\/\/boatracksus.com\/es\/wp-json\/wp\/v2\/media?parent=24"}],"curies":[{"name":"wp","href":"https:\/\/api.w.org\/{rel}","templated":true}]}}