{"id":16,"date":"2020-01-28T06:35:50","date_gmt":"2020-01-28T06:35:50","guid":{"rendered":"https:\/\/boatracksus.com\/?page_id=16"},"modified":"2020-05-05T16:58:07","modified_gmt":"2020-05-05T16:58:07","slug":"benefits","status":"publish","type":"page","link":"https:\/\/boatracksus.com\/fr\/benefits\/","title":{"rendered":"Les avantages des ports \u00e0 sec Hi-Dry"},"content":{"rendered":"\n<p>Les ports \u00e0 sec sont devenus de plus en plus populaires parmi les propri\u00e8taires des ports de plaisance car ils pr\u00e9sentent plusieurs avantages:<\/p>\n\n\n\n<ul><li>Les bateaux, ainsi que leurs moteurs restent \u00e0 l&#8217;abri de l&#8217;eau sal\u00e9e qui peut occasionner des dommages.<\/li><li>L&#8217;acc\u00e8s rapide aux bateaux pour maintenance.<\/li><li>Fiabilit\u00e9 et s\u00fbret\u00e9 du stockage gr\u00e2ce au port \u00e0 sec.<\/li><li>L&#8217;absence de cirrip\u00e8des permettrait aux bateaux de mieux glisser sur l&#8217;eau, sans parler de l&#8217;\u00e9conomie de fuel.<\/li><li>R\u00e9duisez l&#8217;usure des anodes.<\/li><\/ul>\n","protected":false},"excerpt":{"rendered":"<p>Les ports \u00e0 sec sont devenus de plus en plus populaires parmi les propri\u00e8taires des ports de plaisance car ils pr\u00e9sentent plusieurs avantages: Les bateaux, ainsi que leurs moteurs restent \u00e0 l&#8217;abri de l&#8217;eau sal\u00e9e qui peut occasionner des dommages. L&#8217;acc\u00e8s rapide aux bateaux pour maintenance. Fiabilit\u00e9 et s\u00fbret\u00e9 du stockage gr\u00e2ce au port \u00e0 [&hellip;]<\/p>\n","protected":false},"author":1,"featured_media":0,"parent":0,"menu_order":0,"comment_status":"closed","ping_status":"closed","template":"","meta":{"_glsr_average":0,"_glsr_ranking":0,"_glsr_reviews":0,"footnotes":""},"translation":{"provider":"WPGlobus","version":"2.12.2","language":"fr","enabled_languages":["en","es","de","ru","pl","fr"],"languages":{"en":{"title":true,"content":true,"excerpt":false},"es":{"title":true,"content":true,"excerpt":false},"de":{"title":true,"content":true,"excerpt":false},"ru":{"title":true,"content":true,"excerpt":false},"pl":{"title":true,"content":true,"excerpt":false},"fr":{"title":true,"content":true,"excerpt":false}}},"_links":{"self":[{"href":"https:\/\/boatracksus.com\/fr\/wp-json\/wp\/v2\/pages\/16"}],"collection":[{"href":"https:\/\/boatracksus.com\/fr\/wp-json\/wp\/v2\/pages"}],"about":[{"href":"https:\/\/boatracksus.com\/fr\/wp-json\/wp\/v2\/types\/page"}],"author":[{"embeddable":true,"href":"https:\/\/boatracksus.com\/fr\/wp-json\/wp\/v2\/users\/1"}],"replies":[{"embeddable":true,"href":"https:\/\/boatracksus.com\/fr\/wp-json\/wp\/v2\/comments?post=16"}],"version-history":[{"count":14,"href":"https:\/\/boatracksus.com\/fr\/wp-json\/wp\/v2\/pages\/16\/revisions"}],"predecessor-version":[{"id":284,"href":"https:\/\/boatracksus.com\/fr\/wp-json\/wp\/v2\/pages\/16\/revisions\/284"}],"wp:attachment":[{"href":"https:\/\/boatracksus.com\/fr\/wp-json\/wp\/v2\/media?parent=16"}],"curies":[{"name":"wp","href":"https:\/\/api.w.org\/{rel}","templated":true}]}}