{"id":2,"date":"2020-01-22T16:30:06","date_gmt":"2020-01-22T16:30:06","guid":{"rendered":"https:\/\/boatracksus.com\/?page_id=2"},"modified":"2020-05-08T19:05:41","modified_gmt":"2020-05-08T19:05:41","slug":"marine-boat-racks-storage-systems","status":"publish","type":"page","link":"https:\/\/boatracksus.com\/fr\/marine-boat-racks-storage-systems\/","title":{"rendered":"Syst\u00e8mes de stockage \u00e0 sec pour bateaux (de type racks)"},"content":{"rendered":"\n<p><strong>L&#8217;investissement dans les syst\u00e8mes de stockage \u00e0 sec am\u00e9ricains pour bateaux (de type racks) signifie un retour sur investissement \u00e9lev\u00e9, facile \u00e0 utiliser et avec beaucoup d&#8217;avantages.<\/strong> Les raisons principales d&#8217;investir dans les syst\u00e8mes de stockage pour bateaux sont: la rentabilit\u00e9, la s\u00e9curit\u00e9, l&#8217;utilisation de l&#8217;\u00e9space utile, la facilit\u00e9 d&#8217;acc\u00e8s aux bateaux pour maintenance. Les racks \u00e0 bateaux sont fabriqu\u00e9s en acier galvanis\u00e9 \u00e0 chaud de haute r\u00e9sistance et de qualit\u00e9 sup\u00e9rieure. Ces structures en acier peuvent aller jusqu&#8217;\u00e0 5 niveaux de stockage, et capables de r\u00e9sister aux vents forts d&#8217;ouragans jusqu&#8217;\u00e0 160-180 milles par heure en apportant la stabilit\u00e9 maximale.<\/p>\n\n\n\n<p>En investissant dans les syst\u00e8mes de stockage \u00e0 sec am\u00e9ricains pour bateaux (de type racks), vous allez r\u00e9pondre \u00e0 la demande croissante des clients de port \u00e0 sec qui est facile \u00e0 installer et qui offre un acc\u00e8s facile aux bateaux de vos clients. Nos racks de stockage pour bateaux vous permettent d&#8217;avoir un retour sur investissement solide lors de la premi\u00e8re ann\u00e9e d&#8217;utilisation. Tirez le maximum de votre investissement!<\/p>\n","protected":false},"excerpt":{"rendered":"<p>L&#8217;investissement dans les syst\u00e8mes de stockage \u00e0 sec am\u00e9ricains pour bateaux (de type racks) signifie un retour sur investissement \u00e9lev\u00e9, facile \u00e0 utiliser et avec beaucoup d&#8217;avantages. Les raisons principales d&#8217;investir dans les syst\u00e8mes de stockage pour bateaux sont: la rentabilit\u00e9, la s\u00e9curit\u00e9, l&#8217;utilisation de l&#8217;\u00e9space utile, la facilit\u00e9 d&#8217;acc\u00e8s aux bateaux pour maintenance. Les [&hellip;]<\/p>\n","protected":false},"author":1,"featured_media":86,"parent":0,"menu_order":0,"comment_status":"closed","ping_status":"closed","template":"","meta":{"_glsr_average":0,"_glsr_ranking":0,"_glsr_reviews":0,"footnotes":""},"translation":{"provider":"WPGlobus","version":"2.12.2","language":"fr","enabled_languages":["en","es","de","ru","pl","fr"],"languages":{"en":{"title":true,"content":true,"excerpt":false},"es":{"title":true,"content":true,"excerpt":false},"de":{"title":true,"content":true,"excerpt":false},"ru":{"title":true,"content":true,"excerpt":false},"pl":{"title":true,"content":true,"excerpt":false},"fr":{"title":true,"content":true,"excerpt":false}}},"_links":{"self":[{"href":"https:\/\/boatracksus.com\/fr\/wp-json\/wp\/v2\/pages\/2"}],"collection":[{"href":"https:\/\/boatracksus.com\/fr\/wp-json\/wp\/v2\/pages"}],"about":[{"href":"https:\/\/boatracksus.com\/fr\/wp-json\/wp\/v2\/types\/page"}],"author":[{"embeddable":true,"href":"https:\/\/boatracksus.com\/fr\/wp-json\/wp\/v2\/users\/1"}],"replies":[{"embeddable":true,"href":"https:\/\/boatracksus.com\/fr\/wp-json\/wp\/v2\/comments?post=2"}],"version-history":[{"count":28,"href":"https:\/\/boatracksus.com\/fr\/wp-json\/wp\/v2\/pages\/2\/revisions"}],"predecessor-version":[{"id":292,"href":"https:\/\/boatracksus.com\/fr\/wp-json\/wp\/v2\/pages\/2\/revisions\/292"}],"wp:featuredmedia":[{"embeddable":true,"href":"https:\/\/boatracksus.com\/fr\/wp-json\/wp\/v2\/media\/86"}],"wp:attachment":[{"href":"https:\/\/boatracksus.com\/fr\/wp-json\/wp\/v2\/media?parent=2"}],"curies":[{"name":"wp","href":"https:\/\/api.w.org\/{rel}","templated":true}]}}