{"id":22,"date":"2020-01-28T06:38:17","date_gmt":"2020-01-28T06:38:17","guid":{"rendered":"https:\/\/boatracksus.com\/?page_id=22"},"modified":"2020-05-08T19:06:44","modified_gmt":"2020-05-08T19:06:44","slug":"more-information","status":"publish","type":"page","link":"https:\/\/boatracksus.com\/fr\/more-information\/","title":{"rendered":"More Information"},"content":{"rendered":"\n<p>Pour plus d&#8217;informations sur les avantages des Syst\u00e8mes de stockage \u00e0 rack am\u00e9ricains pour bateaux, veuillez appeler<\/p>\n\n\n\n<h3 class=\"wp-block-heading\"><a href=\"tel:+17272542299\">+1 727 254 22 99<\/a><\/h3>\n","protected":false},"excerpt":{"rendered":"<p>Pour plus d&#8217;informations sur les avantages des Syst\u00e8mes de stockage \u00e0 rack am\u00e9ricains pour bateaux, veuillez appeler +1 727 254 22 99<\/p>\n","protected":false},"author":1,"featured_media":0,"parent":0,"menu_order":0,"comment_status":"closed","ping_status":"closed","template":"","meta":{"_glsr_average":0,"_glsr_ranking":0,"_glsr_reviews":0,"footnotes":""},"translation":{"provider":"WPGlobus","version":"2.12.2","language":"fr","enabled_languages":["en","es","de","ru","pl","fr"],"languages":{"en":{"title":true,"content":true,"excerpt":false},"es":{"title":true,"content":true,"excerpt":false},"de":{"title":true,"content":true,"excerpt":false},"ru":{"title":true,"content":true,"excerpt":false},"pl":{"title":true,"content":true,"excerpt":false},"fr":{"title":true,"content":true,"excerpt":false}}},"_links":{"self":[{"href":"https:\/\/boatracksus.com\/fr\/wp-json\/wp\/v2\/pages\/22"}],"collection":[{"href":"https:\/\/boatracksus.com\/fr\/wp-json\/wp\/v2\/pages"}],"about":[{"href":"https:\/\/boatracksus.com\/fr\/wp-json\/wp\/v2\/types\/page"}],"author":[{"embeddable":true,"href":"https:\/\/boatracksus.com\/fr\/wp-json\/wp\/v2\/users\/1"}],"replies":[{"embeddable":true,"href":"https:\/\/boatracksus.com\/fr\/wp-json\/wp\/v2\/comments?post=22"}],"version-history":[{"count":15,"href":"https:\/\/boatracksus.com\/fr\/wp-json\/wp\/v2\/pages\/22\/revisions"}],"predecessor-version":[{"id":293,"href":"https:\/\/boatracksus.com\/fr\/wp-json\/wp\/v2\/pages\/22\/revisions\/293"}],"wp:attachment":[{"href":"https:\/\/boatracksus.com\/fr\/wp-json\/wp\/v2\/media?parent=22"}],"curies":[{"name":"wp","href":"https:\/\/api.w.org\/{rel}","templated":true}]}}