{"id":24,"date":"2020-01-28T06:38:35","date_gmt":"2020-01-28T06:38:35","guid":{"rendered":"https:\/\/boatracksus.com\/?page_id=24"},"modified":"2021-10-14T17:25:25","modified_gmt":"2021-10-14T17:25:25","slug":"boat-lifts","status":"publish","type":"page","link":"https:\/\/boatracksus.com\/fr\/products\/boat-lifts\/","title":{"rendered":"Des El\u00e9vateurs \u00e0 bateaux"},"content":{"rendered":"\n<p>Chez Boat Lift U.S. Inc\u00ae, les \u00e9l\u00e9vateurs \u00e0 bateaux sont fabriqu\u00e9s en acier inox et aluminium 6061-T6 pour une r\u00e9sistance et durabilit\u00e9 sans compromis. Boat Lift U.S.\u00ae fabrique \u00e9galement des \u00e9l\u00e9vateurs \u00e0 bateaux sans soudures, ce qui permets d&#8217;\u00e9viter la pr\u00e9sence de points faibles tout en ajoutant de la fiabilit\u00e9 \u00e0 nos produits.<\/p>\n\n\n\n<p>Les \u00e9l\u00e9vateurs \u00e0 bateaux de Boat Lift U.S. qui depuis longtemps repr\u00e9sentent le standard de l&#8217;industrie, sont disponibles en plusieurs mod\u00e8les en 4,6 et 8 empilements en mettant en avant l&#8217;\u00e9talon \u00e0 <strong>entra\u00eenement direct Gearbox\u2122<\/strong>. La qualit\u00e9 de nos \u00e9l\u00e9vateurs \u00e0 bateaux peut \u00eatre constat\u00e9s partout: la structure sans soudures en aluminium, des moteurs ferm\u00e9s en acier inoxydable, les roulements d&#8217;arbre de transmission avec les \u00e9quipements graisseurs, des bers en aluminium de qualit\u00e9 premium, et des machines enrouleuses de c\u00e2bles qui prot\u00e8gent l&#8217;arbre de transmission et enroulent les c\u00e2bles proprement, sans redondance.<\/p>\n\n\n\n<figure class=\"wp-block-gallery columns-2 is-cropped wp-block-gallery-1 is-layout-flex wp-block-gallery-is-layout-flex\"><ul class=\"blocks-gallery-grid\"><li class=\"blocks-gallery-item\"><figure><img decoding=\"async\" width=\"675\" height=\"450\" src=\"https:\/\/boatracksus.com\/wp-content\/uploads\/2020\/02\/boat-lifts-us-1.jpg\" alt=\"\" data-id=\"115\" data-full-url=\"https:\/\/boatracksus.com\/wp-content\/uploads\/2020\/02\/boat-lifts-us-1.jpg\" data-link=\"https:\/\/boatracksus.com\/boat-lifts\/boat-lifts-us-1\/\" class=\"wp-image-115\" srcset=\"https:\/\/boatracksus.com\/wp-content\/uploads\/2020\/02\/boat-lifts-us-1.jpg 675w, https:\/\/boatracksus.com\/wp-content\/uploads\/2020\/02\/boat-lifts-us-1-600x400.jpg 600w\" sizes=\"(max-width: 675px) 100vw, 675px\" \/><\/figure><\/li><li class=\"blocks-gallery-item\"><figure><img decoding=\"async\" width=\"675\" height=\"450\" src=\"https:\/\/boatracksus.com\/wp-content\/uploads\/2020\/02\/boat-lifts-us-2.jpg\" alt=\"\" data-id=\"116\" data-full-url=\"https:\/\/boatracksus.com\/wp-content\/uploads\/2020\/02\/boat-lifts-us-2.jpg\" data-link=\"https:\/\/boatracksus.com\/boat-lifts\/boat-lifts-us-2\/\" class=\"wp-image-116\" srcset=\"https:\/\/boatracksus.com\/wp-content\/uploads\/2020\/02\/boat-lifts-us-2.jpg 675w, https:\/\/boatracksus.com\/wp-content\/uploads\/2020\/02\/boat-lifts-us-2-600x400.jpg 600w\" sizes=\"(max-width: 675px) 100vw, 675px\" \/><\/figure><\/li><\/ul><\/figure>\n\n\n\n<h4 class=\"wp-block-heading\">El\u00e9vateurs \u00e0 bateaux \u00e0 entra\u00eenement direct Gearbox\u00ae<\/h4>\n\n\n\n<ul><li>El\u00e9vateurs sans soudures Premium en Aluminium<\/li><li>Les Moteurs en acier inoxidable Electra-Gear\u00ae<\/li><li>Mod\u00e8les \u00e0 entra\u00eenement direct Gearbox\u00ae en Aluminium<\/li><li>Les Bers Premium en Aluminium<\/li><\/ul>\n\n\n\n<figure class=\"wp-block-gallery columns-2 is-cropped wp-block-gallery-2 is-layout-flex wp-block-gallery-is-layout-flex\"><ul class=\"blocks-gallery-grid\"><li class=\"blocks-gallery-item\"><figure><img decoding=\"async\" width=\"675\" height=\"450\" src=\"https:\/\/boatracksus.com\/wp-content\/uploads\/2020\/02\/boat-lifts-us-4.jpg\" alt=\"\" data-id=\"118\" data-full-url=\"https:\/\/boatracksus.com\/wp-content\/uploads\/2020\/02\/boat-lifts-us-4.jpg\" data-link=\"https:\/\/boatracksus.com\/boat-lifts\/boat-lifts-us-4\/\" class=\"wp-image-118\" srcset=\"https:\/\/boatracksus.com\/wp-content\/uploads\/2020\/02\/boat-lifts-us-4.jpg 675w, https:\/\/boatracksus.com\/wp-content\/uploads\/2020\/02\/boat-lifts-us-4-600x400.jpg 600w\" sizes=\"(max-width: 675px) 100vw, 675px\" \/><\/figure><\/li><li class=\"blocks-gallery-item\"><figure><img decoding=\"async\" width=\"675\" height=\"450\" src=\"https:\/\/boatracksus.com\/wp-content\/uploads\/2020\/02\/boat-lifts-us-3.jpg\" alt=\"\" data-id=\"117\" data-full-url=\"https:\/\/boatracksus.com\/wp-content\/uploads\/2020\/02\/boat-lifts-us-3.jpg\" data-link=\"https:\/\/boatracksus.com\/boat-lifts\/boat-lifts-us-3\/\" class=\"wp-image-117\" srcset=\"https:\/\/boatracksus.com\/wp-content\/uploads\/2020\/02\/boat-lifts-us-3.jpg 675w, https:\/\/boatracksus.com\/wp-content\/uploads\/2020\/02\/boat-lifts-us-3-600x400.jpg 600w\" sizes=\"(max-width: 675px) 100vw, 675px\" \/><\/figure><\/li><\/ul><\/figure>\n\n\n\n<p>De plus, nous pouvons installer un elevateur <strong>Boat Lift U.S.<\/strong> dans votre abri-bateaux. Nos \u00e9l\u00e9vateurs pour les abri-bateaux comprennent plusieurs fonctionnalit\u00e9s premium qui peuvent \u00eatre trouv\u00e9es dans nos \u00e9l\u00e9vateurs \u00e0 empillement en vous garantissant un niveaux de qualit\u00e9 sans compromis pour toute la gamme de produits. <\/p>\n\n\n\n<p>Appelez-nous aujourd&#8217;hui et decouvrez pourquoi &#8220;l&#8217;Am\u00e9rique choisit Boat Lift U.S!&#8221;.<\/p>\n\n\n\n<h5 class=\"wp-block-heading\">Nos bureaux: 16033 Redington Drive, Redington Beach, Florida, USA 33708<\/h5>\n\n\n\n<h5 class=\"wp-block-heading\">T\u00e9l\u00e9phone: <a href=\"tel:+17272542299\">+1 727 254 22 99<\/a><\/h5>\n\n\n\n<p><a class=\"btn btn-primary mt-4\" href=\"https:\/\/boatracksus.com\/fr\/request-quote\/\">Demander un devis<\/a><\/p>\n","protected":false},"excerpt":{"rendered":"<p>Chez Boat Lift U.S. Inc\u00ae, les \u00e9l\u00e9vateurs \u00e0 bateaux sont fabriqu\u00e9s en acier inox et aluminium 6061-T6 pour une r\u00e9sistance et durabilit\u00e9 sans compromis. Boat Lift U.S.\u00ae fabrique \u00e9galement des \u00e9l\u00e9vateurs \u00e0 bateaux sans soudures, ce qui permets d&#8217;\u00e9viter la pr\u00e9sence de points faibles tout en ajoutant de la fiabilit\u00e9 \u00e0 nos produits. Les \u00e9l\u00e9vateurs [&hellip;]<\/p>\n","protected":false},"author":1,"featured_media":0,"parent":372,"menu_order":2,"comment_status":"closed","ping_status":"closed","template":"","meta":{"_glsr_average":0,"_glsr_ranking":0,"_glsr_reviews":0,"footnotes":""},"translation":{"provider":"WPGlobus","version":"2.12.2","language":"fr","enabled_languages":["en","es","de","ru","pl","fr"],"languages":{"en":{"title":true,"content":true,"excerpt":false},"es":{"title":true,"content":true,"excerpt":false},"de":{"title":true,"content":true,"excerpt":false},"ru":{"title":true,"content":true,"excerpt":false},"pl":{"title":true,"content":true,"excerpt":false},"fr":{"title":true,"content":true,"excerpt":false}}},"_links":{"self":[{"href":"https:\/\/boatracksus.com\/fr\/wp-json\/wp\/v2\/pages\/24"}],"collection":[{"href":"https:\/\/boatracksus.com\/fr\/wp-json\/wp\/v2\/pages"}],"about":[{"href":"https:\/\/boatracksus.com\/fr\/wp-json\/wp\/v2\/types\/page"}],"author":[{"embeddable":true,"href":"https:\/\/boatracksus.com\/fr\/wp-json\/wp\/v2\/users\/1"}],"replies":[{"embeddable":true,"href":"https:\/\/boatracksus.com\/fr\/wp-json\/wp\/v2\/comments?post=24"}],"version-history":[{"count":48,"href":"https:\/\/boatracksus.com\/fr\/wp-json\/wp\/v2\/pages\/24\/revisions"}],"predecessor-version":[{"id":291,"href":"https:\/\/boatracksus.com\/fr\/wp-json\/wp\/v2\/pages\/24\/revisions\/291"}],"up":[{"embeddable":true,"href":"https:\/\/boatracksus.com\/fr\/wp-json\/wp\/v2\/pages\/372"}],"wp:attachment":[{"href":"https:\/\/boatracksus.com\/fr\/wp-json\/wp\/v2\/media?parent=24"}],"curies":[{"name":"wp","href":"https:\/\/api.w.org\/{rel}","templated":true}]}}