{"id":16,"date":"2020-01-28T06:35:50","date_gmt":"2020-01-28T06:35:50","guid":{"rendered":"https:\/\/boatracksus.com\/?page_id=16"},"modified":"2020-05-05T16:58:07","modified_gmt":"2020-05-05T16:58:07","slug":"benefits","status":"publish","type":"page","link":"https:\/\/boatracksus.com\/pl\/benefits\/","title":{"rendered":"Zalety system\u00f3w suchego przechowywania \u0142odzi Hi-Dry"},"content":{"rendered":"\n<p>Przechowywanie\u00a0\u0142\u00f3dki w pomieszczeniu zadaszonym sta\u0142o si\u0119 coraz bardziej popularne w\u015br\u00f3d w\u0142a\u015bcicieli marin ze wzgl\u0119du na wiele zalet:<\/p>\n\n\n\n<ul><li>Podczas suchego przechowywania \u0142\u00f3d\u017a i silnik nie s\u0105 nara\u017cone na uszkodzenie przez s\u0142on\u0105 wod\u0119<\/li><li>Szybki dost\u0119p do \u0142odzi w celu konserwacji<\/li><li>Niezawodne i bezpieczne przechowywanie, poniewa\u017c \u0142odzie s\u0105 przechowywane poza wod\u0105<\/li><li>\u0141odzie lepiej b\u0119d\u0105 szybowa\u0107 po wodzie, poniewa\u017c b\u0119d\u0105 wolne od p\u0105kli, oszcz\u0119dzaj\u0105c paliwo.<\/li><li>&nbsp;Zmniejszenie zu\u017cycia anody.<\/li><\/ul>\n","protected":false},"excerpt":{"rendered":"<p>Przechowywanie\u00a0\u0142\u00f3dki w pomieszczeniu zadaszonym sta\u0142o si\u0119 coraz bardziej popularne w\u015br\u00f3d w\u0142a\u015bcicieli marin ze wzgl\u0119du na wiele zalet: Podczas suchego przechowywania \u0142\u00f3d\u017a i silnik nie s\u0105 nara\u017cone na uszkodzenie przez s\u0142on\u0105 wod\u0119 Szybki dost\u0119p do \u0142odzi w celu konserwacji Niezawodne i bezpieczne przechowywanie, poniewa\u017c \u0142odzie s\u0105 przechowywane poza wod\u0105 \u0141odzie lepiej b\u0119d\u0105 szybowa\u0107 po wodzie, poniewa\u017c [&hellip;]<\/p>\n","protected":false},"author":1,"featured_media":0,"parent":0,"menu_order":0,"comment_status":"closed","ping_status":"closed","template":"","meta":{"_glsr_average":0,"_glsr_ranking":0,"_glsr_reviews":0,"footnotes":""},"translation":{"provider":"WPGlobus","version":"2.12.2","language":"pl","enabled_languages":["en","es","de","ru","pl","fr"],"languages":{"en":{"title":true,"content":true,"excerpt":false},"es":{"title":true,"content":true,"excerpt":false},"de":{"title":true,"content":true,"excerpt":false},"ru":{"title":true,"content":true,"excerpt":false},"pl":{"title":true,"content":true,"excerpt":false},"fr":{"title":true,"content":true,"excerpt":false}}},"_links":{"self":[{"href":"https:\/\/boatracksus.com\/pl\/wp-json\/wp\/v2\/pages\/16"}],"collection":[{"href":"https:\/\/boatracksus.com\/pl\/wp-json\/wp\/v2\/pages"}],"about":[{"href":"https:\/\/boatracksus.com\/pl\/wp-json\/wp\/v2\/types\/page"}],"author":[{"embeddable":true,"href":"https:\/\/boatracksus.com\/pl\/wp-json\/wp\/v2\/users\/1"}],"replies":[{"embeddable":true,"href":"https:\/\/boatracksus.com\/pl\/wp-json\/wp\/v2\/comments?post=16"}],"version-history":[{"count":14,"href":"https:\/\/boatracksus.com\/pl\/wp-json\/wp\/v2\/pages\/16\/revisions"}],"predecessor-version":[{"id":284,"href":"https:\/\/boatracksus.com\/pl\/wp-json\/wp\/v2\/pages\/16\/revisions\/284"}],"wp:attachment":[{"href":"https:\/\/boatracksus.com\/pl\/wp-json\/wp\/v2\/media?parent=16"}],"curies":[{"name":"wp","href":"https:\/\/api.w.org\/{rel}","templated":true}]}}