{"id":2,"date":"2020-01-22T16:30:06","date_gmt":"2020-01-22T16:30:06","guid":{"rendered":"https:\/\/boatracksus.com\/?page_id=2"},"modified":"2020-05-08T19:05:41","modified_gmt":"2020-05-08T19:05:41","slug":"marine-boat-racks-storage-systems","status":"publish","type":"page","link":"https:\/\/boatracksus.com\/pl\/marine-boat-racks-storage-systems\/","title":{"rendered":"System przechowywania \u0142odzi na stojakach"},"content":{"rendered":"\n<p><strong>Inwestowanie w system przechowywania \u0142odzi Boat Racks U.S. <strong>\u2014<\/strong> jest bardzo proste, gwarantuje wysoki zwrot z inwestycji i wiele innych korzy\u015bci.<\/strong> G\u0142\u00f3wnymi przyczynami inwestycji s\u0105 op\u0142acalno\u015b\u0107, bezpiecze\u0144stwo, wykorzystanie cennej przestrzeni, mo\u017cliwo\u015b\u0107 \u0142atwego dost\u0119pu do \u0142odzi w celu konserwacji. Stojaki do\u00a0 \u0142odzi wykonane s\u0105 z wysokowytrzyma\u0142ej, najwy\u017cszej jako\u015bci stali ocynkowanej ogniowo. Konstrukcje stalowe dochodz\u0105 do 5 poziom\u00f3w, zdolnych do wytrzymania wiatr\u00f3w huraganowych z pr\u0119dko\u015bci\u0105 160-180 mil na godzin\u0119, zapewniaj\u0105c jednocze\u015bnie maksymaln\u0105 stabilno\u015b\u0107.<\/p>\n\n\n\n<p>Inwestuj\u0105c w <strong>Boat Racks U.S. Storage System<\/strong>\u00a0sprostasz rosn\u0105cemu zapotrzebowaniu na system suchego przechowywania, kt\u00f3ry jest \u0142atwy w instalacji i zapewnia \u0142atwy dost\u0119p do \u0142odzi klient\u00f3w. Nasze stojaki do przechowywania \u0142odzi zapewniaj\u0105 <strong>wysoki zwrot z inwestycji w pierwszym roku u\u017cytkowania.<\/strong> Maksymalnie wykorzystaj swoj\u0105 inwestycj\u0119!<\/p>\n","protected":false},"excerpt":{"rendered":"<p>Inwestowanie w system przechowywania \u0142odzi Boat Racks U.S. \u2014 jest bardzo proste, gwarantuje wysoki zwrot z inwestycji i wiele innych korzy\u015bci. G\u0142\u00f3wnymi przyczynami inwestycji s\u0105 op\u0142acalno\u015b\u0107, bezpiecze\u0144stwo, wykorzystanie cennej przestrzeni, mo\u017cliwo\u015b\u0107 \u0142atwego dost\u0119pu do \u0142odzi w celu konserwacji. Stojaki do\u00a0 \u0142odzi wykonane s\u0105 z wysokowytrzyma\u0142ej, najwy\u017cszej jako\u015bci stali ocynkowanej ogniowo. Konstrukcje stalowe dochodz\u0105 do 5 [&hellip;]<\/p>\n","protected":false},"author":1,"featured_media":86,"parent":0,"menu_order":0,"comment_status":"closed","ping_status":"closed","template":"","meta":{"_glsr_average":0,"_glsr_ranking":0,"_glsr_reviews":0,"footnotes":""},"translation":{"provider":"WPGlobus","version":"2.12.2","language":"pl","enabled_languages":["en","es","de","ru","pl","fr"],"languages":{"en":{"title":true,"content":true,"excerpt":false},"es":{"title":true,"content":true,"excerpt":false},"de":{"title":true,"content":true,"excerpt":false},"ru":{"title":true,"content":true,"excerpt":false},"pl":{"title":true,"content":true,"excerpt":false},"fr":{"title":true,"content":true,"excerpt":false}}},"_links":{"self":[{"href":"https:\/\/boatracksus.com\/pl\/wp-json\/wp\/v2\/pages\/2"}],"collection":[{"href":"https:\/\/boatracksus.com\/pl\/wp-json\/wp\/v2\/pages"}],"about":[{"href":"https:\/\/boatracksus.com\/pl\/wp-json\/wp\/v2\/types\/page"}],"author":[{"embeddable":true,"href":"https:\/\/boatracksus.com\/pl\/wp-json\/wp\/v2\/users\/1"}],"replies":[{"embeddable":true,"href":"https:\/\/boatracksus.com\/pl\/wp-json\/wp\/v2\/comments?post=2"}],"version-history":[{"count":28,"href":"https:\/\/boatracksus.com\/pl\/wp-json\/wp\/v2\/pages\/2\/revisions"}],"predecessor-version":[{"id":292,"href":"https:\/\/boatracksus.com\/pl\/wp-json\/wp\/v2\/pages\/2\/revisions\/292"}],"wp:featuredmedia":[{"embeddable":true,"href":"https:\/\/boatracksus.com\/pl\/wp-json\/wp\/v2\/media\/86"}],"wp:attachment":[{"href":"https:\/\/boatracksus.com\/pl\/wp-json\/wp\/v2\/media?parent=2"}],"curies":[{"name":"wp","href":"https:\/\/api.w.org\/{rel}","templated":true}]}}