{"id":24,"date":"2020-01-28T06:38:35","date_gmt":"2020-01-28T06:38:35","guid":{"rendered":"https:\/\/boatracksus.com\/?page_id=24"},"modified":"2021-10-14T17:25:25","modified_gmt":"2021-10-14T17:25:25","slug":"boat-lifts","status":"publish","type":"page","link":"https:\/\/boatracksus.com\/pl\/products\/boat-lifts\/","title":{"rendered":"Podno\u015bniki do \u0142odzi"},"content":{"rendered":"\n<p>W Boat Lift U.S. Inc.\u00ae nasze <strong>podno\u015bniki do \u0142odzi<\/strong> s\u0105 wykonane ze stali nierdzewnej i aluminium 6061-T6, co zapewnia bezkompromisow\u0105 wytrzyma\u0142o\u015b\u0107 i trwa\u0142o\u015b\u0107. Boat Lift U.S.\u00ae jest tak\u017ce domem dla nie spawanego podno\u015bnika, eliminuj\u0105c s\u0142abe punkty, a jednocze\u015bnie zwi\u0119kszaj\u0105c niezawodno\u015b\u0107 budowanych przez nas podno\u015bnik\u00f3w.<\/p>\n\n\n\n<p>Podno\u015bniki do \u0142odzi Boat Lift U.S. od dawna s\u0105 standardami bran\u017cowymi, dost\u0119pne w wersjach 4, 6 i 8-palowych ze <strong>standardowym nap\u0119dem bezpo\u015brednim Gearbox\u2122<\/strong>! Jako\u015b\u0107 naszych podno\u015bnik\u00f3w do \u0142odzi jest widoczna na ca\u0142ym \u015bwiecie, z nie spawan\u0105 konstrukcj\u0105 aluminiow\u0105, zamkni\u0119tymi silnikami nierdzewnymi, wszystkimi aluminiowymi \u0142o\u017cyskami wa\u0142u nap\u0119dowego ze smarowniczkami, wysokiej jako\u015bci aluminiowymi kojami i rowkowanymi maszynowo nawijaczami kabli, kt\u00f3re chroni\u0105 wa\u0142 nap\u0119dowy i nawijaj\u0105 kable, czysto, bez nak\u0142adania si\u0119.<\/p>\n\n\n\n<figure class=\"wp-block-gallery columns-2 is-cropped wp-block-gallery-1 is-layout-flex wp-block-gallery-is-layout-flex\"><ul class=\"blocks-gallery-grid\"><li class=\"blocks-gallery-item\"><figure><img decoding=\"async\" width=\"675\" height=\"450\" src=\"https:\/\/boatracksus.com\/wp-content\/uploads\/2020\/02\/boat-lifts-us-1.jpg\" alt=\"\" data-id=\"115\" data-full-url=\"https:\/\/boatracksus.com\/wp-content\/uploads\/2020\/02\/boat-lifts-us-1.jpg\" data-link=\"https:\/\/boatracksus.com\/boat-lifts\/boat-lifts-us-1\/\" class=\"wp-image-115\" srcset=\"https:\/\/boatracksus.com\/wp-content\/uploads\/2020\/02\/boat-lifts-us-1.jpg 675w, https:\/\/boatracksus.com\/wp-content\/uploads\/2020\/02\/boat-lifts-us-1-600x400.jpg 600w\" sizes=\"(max-width: 675px) 100vw, 675px\" \/><\/figure><\/li><li class=\"blocks-gallery-item\"><figure><img decoding=\"async\" width=\"675\" height=\"450\" src=\"https:\/\/boatracksus.com\/wp-content\/uploads\/2020\/02\/boat-lifts-us-2.jpg\" alt=\"\" data-id=\"116\" data-full-url=\"https:\/\/boatracksus.com\/wp-content\/uploads\/2020\/02\/boat-lifts-us-2.jpg\" data-link=\"https:\/\/boatracksus.com\/boat-lifts\/boat-lifts-us-2\/\" class=\"wp-image-116\" srcset=\"https:\/\/boatracksus.com\/wp-content\/uploads\/2020\/02\/boat-lifts-us-2.jpg 675w, https:\/\/boatracksus.com\/wp-content\/uploads\/2020\/02\/boat-lifts-us-2-600x400.jpg 600w\" sizes=\"(max-width: 675px) 100vw, 675px\" \/><\/figure><\/li><\/ul><\/figure>\n\n\n\n<h4 class=\"wp-block-heading\"><strong>Gearbox\u00ae Direct-Drive BoatLift<\/strong>s<\/h4>\n\n\n\n<ul><li>Najwy\u017cszej jako\u015bci aluminiowy podno\u015bnik bez spawania<\/li><li>Silniki Electra-Gear\u00ae ze stali nierdzewnej<\/li><li>Aluminiowe nap\u0119dy bezpo\u015brednie Gearbox\u00ae<\/li><li>Kosze aluminiowe premium<\/li><\/ul>\n\n\n\n<figure class=\"wp-block-gallery columns-2 is-cropped wp-block-gallery-2 is-layout-flex wp-block-gallery-is-layout-flex\"><ul class=\"blocks-gallery-grid\"><li class=\"blocks-gallery-item\"><figure><img decoding=\"async\" width=\"675\" height=\"450\" src=\"https:\/\/boatracksus.com\/wp-content\/uploads\/2020\/02\/boat-lifts-us-3.jpg\" alt=\"\" data-id=\"117\" data-full-url=\"https:\/\/boatracksus.com\/wp-content\/uploads\/2020\/02\/boat-lifts-us-3.jpg\" data-link=\"https:\/\/boatracksus.com\/boat-lifts\/boat-lifts-us-3\/\" class=\"wp-image-117\" srcset=\"https:\/\/boatracksus.com\/wp-content\/uploads\/2020\/02\/boat-lifts-us-3.jpg 675w, https:\/\/boatracksus.com\/wp-content\/uploads\/2020\/02\/boat-lifts-us-3-600x400.jpg 600w\" sizes=\"(max-width: 675px) 100vw, 675px\" \/><\/figure><\/li><li class=\"blocks-gallery-item\"><figure><img decoding=\"async\" width=\"675\" height=\"450\" src=\"https:\/\/boatracksus.com\/wp-content\/uploads\/2020\/02\/boat-lifts-us-4.jpg\" alt=\"\" data-id=\"118\" data-full-url=\"https:\/\/boatracksus.com\/wp-content\/uploads\/2020\/02\/boat-lifts-us-4.jpg\" data-link=\"https:\/\/boatracksus.com\/boat-lifts\/boat-lifts-us-4\/\" class=\"wp-image-118\" srcset=\"https:\/\/boatracksus.com\/wp-content\/uploads\/2020\/02\/boat-lifts-us-4.jpg 675w, https:\/\/boatracksus.com\/wp-content\/uploads\/2020\/02\/boat-lifts-us-4-600x400.jpg 600w\" sizes=\"(max-width: 675px) 100vw, 675px\" \/><\/figure><\/li><\/ul><\/figure>\n\n\n\n<p>Mo\u017cemy nawet umie\u015bci\u0107 <strong>Boat Lift U.S.<\/strong>&nbsp;w Twoim domku. Nasze podno\u015bniki do \u0142odzi obejmuj\u0105 wiele funkcji premium dost\u0119pnych w naszych podno\u015bnikach do pali, kt\u00f3re gwarantuj\u0105 bezkompromisow\u0105 jako\u015b\u0107 naszej pe\u0142nej gamy produkt\u00f3w.<\/p>\n\n\n\n<p>Zadzwo\u0144 do nas ju\u017c dzi\u015b i dowiedz si\u0119, dlaczego Boat Lift U.S. jest \u201cAmeryka\u0144skim wyborem w\u015br\u00f3d wszystkich podno\u015bnik\u00f3w do \u0142odzi!\u201d.<\/p>\n\n\n\n<h5 class=\"wp-block-heading\">Biuro: 16033 Redington Drive, Redington Beach, Floryda, USA 33708<\/h5>\n\n\n\n<h5 class=\"wp-block-heading\">Telefon: <a href=\"tel:+17272542299\">+1 727 254 22 99<\/a><\/h5>\n\n\n\n<p><a class=\"btn btn-primary mt-4\" href=\"https:\/\/boatracksus.com\/pl\/request-quote\/\">Popro\u015b o wycen\u0119<\/a><\/p>\n","protected":false},"excerpt":{"rendered":"<p>W Boat Lift U.S. Inc.\u00ae nasze podno\u015bniki do \u0142odzi s\u0105 wykonane ze stali nierdzewnej i aluminium 6061-T6, co zapewnia bezkompromisow\u0105 wytrzyma\u0142o\u015b\u0107 i trwa\u0142o\u015b\u0107. Boat Lift U.S.\u00ae jest tak\u017ce domem dla nie spawanego podno\u015bnika, eliminuj\u0105c s\u0142abe punkty, a jednocze\u015bnie zwi\u0119kszaj\u0105c niezawodno\u015b\u0107 budowanych przez nas podno\u015bnik\u00f3w. Podno\u015bniki do \u0142odzi Boat Lift U.S. od dawna s\u0105 standardami bran\u017cowymi, [&hellip;]<\/p>\n","protected":false},"author":1,"featured_media":0,"parent":372,"menu_order":2,"comment_status":"closed","ping_status":"closed","template":"","meta":{"_glsr_average":0,"_glsr_ranking":0,"_glsr_reviews":0,"footnotes":""},"translation":{"provider":"WPGlobus","version":"2.12.2","language":"pl","enabled_languages":["en","es","de","ru","pl","fr"],"languages":{"en":{"title":true,"content":true,"excerpt":false},"es":{"title":true,"content":true,"excerpt":false},"de":{"title":true,"content":true,"excerpt":false},"ru":{"title":true,"content":true,"excerpt":false},"pl":{"title":true,"content":true,"excerpt":false},"fr":{"title":true,"content":true,"excerpt":false}}},"_links":{"self":[{"href":"https:\/\/boatracksus.com\/pl\/wp-json\/wp\/v2\/pages\/24"}],"collection":[{"href":"https:\/\/boatracksus.com\/pl\/wp-json\/wp\/v2\/pages"}],"about":[{"href":"https:\/\/boatracksus.com\/pl\/wp-json\/wp\/v2\/types\/page"}],"author":[{"embeddable":true,"href":"https:\/\/boatracksus.com\/pl\/wp-json\/wp\/v2\/users\/1"}],"replies":[{"embeddable":true,"href":"https:\/\/boatracksus.com\/pl\/wp-json\/wp\/v2\/comments?post=24"}],"version-history":[{"count":48,"href":"https:\/\/boatracksus.com\/pl\/wp-json\/wp\/v2\/pages\/24\/revisions"}],"predecessor-version":[{"id":291,"href":"https:\/\/boatracksus.com\/pl\/wp-json\/wp\/v2\/pages\/24\/revisions\/291"}],"up":[{"embeddable":true,"href":"https:\/\/boatracksus.com\/pl\/wp-json\/wp\/v2\/pages\/372"}],"wp:attachment":[{"href":"https:\/\/boatracksus.com\/pl\/wp-json\/wp\/v2\/media?parent=24"}],"curies":[{"name":"wp","href":"https:\/\/api.w.org\/{rel}","templated":true}]}}