{"id":324,"date":"2020-10-26T17:56:40","date_gmt":"2020-10-26T17:56:40","guid":{"rendered":"https:\/\/boatracksus.com\/?page_id=324"},"modified":"2020-11-10T08:06:54","modified_gmt":"2020-11-10T08:06:54","slug":"financing","status":"publish","type":"page","link":"https:\/\/boatracksus.com\/pl\/financing\/","title":{"rendered":"Finansowanie"},"content":{"rendered":"\n<p>Wiemy, \u017ce pieni\u0105dze maj\u0105 znaczenie, je\u015bli chodzi o modernizacj\u0119 lub zam\u00f3wienie nowych stojak\u00f3w. <\/p>\n\n\n\n<p>Dlatego oferujemy przyst\u0119pne cenowo, przyjazne dla klienta po\u017cyczki z oprocentowaniem 0% i finansowaniem do 1\/3 faktury.<\/p>\n\n\n\n<figure class=\"wp-block-image size-large\"><img decoding=\"async\" width=\"725\" height=\"482\" src=\"https:\/\/boatracksus.com\/wp-content\/uploads\/2020\/10\/financing.jpg\" alt=\"\" class=\"wp-image-326\" srcset=\"https:\/\/boatracksus.com\/wp-content\/uploads\/2020\/10\/financing.jpg 725w, https:\/\/boatracksus.com\/wp-content\/uploads\/2020\/10\/financing-600x399.jpg 600w\" sizes=\"(max-width: 725px) 100vw, 725px\" \/><\/figure>\n\n\n\n<p><\/p>\n","protected":false},"excerpt":{"rendered":"<p>Wiemy, \u017ce pieni\u0105dze maj\u0105 znaczenie, je\u015bli chodzi o modernizacj\u0119 lub zam\u00f3wienie nowych stojak\u00f3w. Dlatego oferujemy przyst\u0119pne cenowo, przyjazne dla klienta po\u017cyczki z oprocentowaniem 0% i finansowaniem do 1\/3 faktury.<\/p>\n","protected":false},"author":1,"featured_media":0,"parent":0,"menu_order":0,"comment_status":"closed","ping_status":"closed","template":"","meta":{"_glsr_average":0,"_glsr_ranking":0,"_glsr_reviews":0,"footnotes":""},"translation":{"provider":"WPGlobus","version":"2.12.2","language":"pl","enabled_languages":["en","es","de","ru","pl","fr"],"languages":{"en":{"title":true,"content":true,"excerpt":false},"es":{"title":true,"content":true,"excerpt":false},"de":{"title":true,"content":true,"excerpt":false},"ru":{"title":true,"content":true,"excerpt":false},"pl":{"title":true,"content":true,"excerpt":false},"fr":{"title":true,"content":true,"excerpt":false}}},"_links":{"self":[{"href":"https:\/\/boatracksus.com\/pl\/wp-json\/wp\/v2\/pages\/324"}],"collection":[{"href":"https:\/\/boatracksus.com\/pl\/wp-json\/wp\/v2\/pages"}],"about":[{"href":"https:\/\/boatracksus.com\/pl\/wp-json\/wp\/v2\/types\/page"}],"author":[{"embeddable":true,"href":"https:\/\/boatracksus.com\/pl\/wp-json\/wp\/v2\/users\/1"}],"replies":[{"embeddable":true,"href":"https:\/\/boatracksus.com\/pl\/wp-json\/wp\/v2\/comments?post=324"}],"version-history":[{"count":9,"href":"https:\/\/boatracksus.com\/pl\/wp-json\/wp\/v2\/pages\/324\/revisions"}],"predecessor-version":[{"id":336,"href":"https:\/\/boatracksus.com\/pl\/wp-json\/wp\/v2\/pages\/324\/revisions\/336"}],"wp:attachment":[{"href":"https:\/\/boatracksus.com\/pl\/wp-json\/wp\/v2\/media?parent=324"}],"curies":[{"name":"wp","href":"https:\/\/api.w.org\/{rel}","templated":true}]}}